{"id":287,"date":"2026-04-13T07:22:03","date_gmt":"2026-04-13T07:22:03","guid":{"rendered":"https:\/\/farbeyondmusic.ch\/?page_id=287"},"modified":"2026-04-14T13:27:50","modified_gmt":"2026-04-14T13:27:50","slug":"impressum","status":"publish","type":"page","link":"https:\/\/farbeyondmusic.ch\/?page_id=287","title":{"rendered":"Impressum"},"content":{"rendered":"\n<hr class=\"wp-block-separator has-alpha-channel-opacity\"\/>\n\n\n\n<h2 class=\"wp-block-heading has-medium-font-size\">Impressum<\/h2>\n\n\n\n<p>Angaben gem\u00e4ss Art. 12 UWG. Verantwortlich f\u00fcr diese Website ist Fabian Ebener, Far Beyond Music, Saint-Louis-Strasse 18, 4056 Basel, Schweiz. Die Einzelfirma ist im Handelsregister des Kantons Basel-Stadt eingetragen (UID: CHE-XXX.XXX.XXX). Erreichbar per Telefon unter +41 79 843 71 41 oder per E-Mail an fabian@farbeyondmusic.ch.<\/p>\n\n\n\n<h2 class=\"wp-block-heading has-medium-font-size\">Haftungsausschluss<\/h2>\n\n\n\n<p>Der Autor \u00fcbernimmt keine Gew\u00e4hr f\u00fcr die Richtigkeit, Vollst\u00e4ndigkeit und Aktualit\u00e4t der bereitgestellten Inhalte. Die Nutzung der Website erfolgt auf eigene Gefahr. Diese Website enth\u00e4lt Links zu externen Webseiten Dritter, auf deren Inhalte kein Einfluss besteht. F\u00fcr die Inhalte verlinkter Seiten ist stets der jeweilige Anbieter verantwortlich. Bei Bekanntwerden von Rechtsverletzungen werden entsprechende Links umgehend entfernt.<\/p>\n\n\n\n<h2 class=\"wp-block-heading has-medium-font-size\">Urheberrecht<\/h2>\n\n\n\n<p>Alle auf dieser Website ver\u00f6ffentlichten Inhalte \u2013 insbesondere Musikkompositionen, Texte, Grafiken und Webdesign-Elemente \u2013 sind urheberrechtlich gesch\u00fctzt und unterliegen dem Schweizer Urheberrechtsgesetz (URG). Jede Vervielf\u00e4ltigung, Bearbeitung oder Verwertung ausserhalb des privaten Gebrauchs bedarf der schriftlichen Zustimmung des Autors.<\/p>\n\n\n\n<h2 class=\"wp-block-heading has-medium-font-size\">Datenschutz<\/h2>\n\n\n\n<p>Verantwortlich f\u00fcr die Datenbearbeitung ist Fabian Ebener, Saint-Louis-Strasse 18, 4056 Basel. Diese Website erhebt nur jene Personendaten, die f\u00fcr den Betrieb notwendig sind, etwa Name und E-Mail-Adresse bei der Nutzung des Kontaktformulars. Die Daten werden nicht an Dritte weitergegeben und ausschliesslich zur Beantwortung von Anfragen verwendet. Gest\u00fctzt auf das Schweizer Datenschutzgesetz (DSG, in Kraft seit 1. September 2023) haben Sie das Recht auf Auskunft, Berichtigung, L\u00f6schung und Einschr\u00e4nkung der Bearbeitung Ihrer Personendaten. Entsprechende Anfragen richten Sie bitte an fabian@farbeyondmusic.ch. Diese Website verwendet keine Cookies. Das Hosting erfolgt bei Metanet, Schweiz.<\/p>\n\n\n\n<p><em>Stand: April 2026<\/em><\/p>\n","protected":false},"excerpt":{"rendered":"<p>Impressum Angaben gem\u00e4ss Art. 12 UWG. Verantwortlich f\u00fcr diese Website ist Fabian Ebener, Far Beyond Music, Saint-Louis-Strasse 18, 4056 Basel, Schweiz. Die Einzelfirma ist im Handelsregister des Kantons Basel-Stadt eingetragen (UID: CHE-XXX.XXX.XXX). Erreichbar per Telefon unter +41 79 843 71 41 oder per E-Mail an fabian@farbeyondmusic.ch. Haftungsausschluss Der Autor \u00fcbernimmt keine Gew\u00e4hr f\u00fcr die Richtigkeit, [&hellip;]<\/p>\n","protected":false},"author":1,"featured_media":0,"parent":0,"menu_order":0,"comment_status":"closed","ping_status":"closed","template":"","meta":{"footnotes":""},"class_list":["post-287","page","type-page","status-publish","hentry"],"yoast_head":"<!-- This site is optimized with the Yoast SEO plugin v27.4 - https:\/\/yoast.com\/product\/yoast-seo-wordpress\/ -->\n<title>Impressum - Far Beyond Music<\/title>\n<meta name=\"robots\" content=\"index, follow, max-snippet:-1, max-image-preview:large, max-video-preview:-1\" \/>\n<link rel=\"canonical\" href=\"https:\/\/farbeyondmusic.ch\/?page_id=287\" \/>\n<meta property=\"og:locale\" content=\"en_US\" \/>\n<meta property=\"og:type\" content=\"article\" \/>\n<meta property=\"og:title\" content=\"Impressum - Far Beyond Music\" \/>\n<meta property=\"og:description\" content=\"Impressum Angaben gem\u00e4ss Art. 12 UWG. Verantwortlich f\u00fcr diese Website ist Fabian Ebener, Far Beyond Music, Saint-Louis-Strasse 18, 4056 Basel, Schweiz. Die Einzelfirma ist im Handelsregister des Kantons Basel-Stadt eingetragen (UID: CHE-XXX.XXX.XXX). Erreichbar per Telefon unter +41 79 843 71 41 oder per E-Mail an fabian@farbeyondmusic.ch. Haftungsausschluss Der Autor \u00fcbernimmt keine Gew\u00e4hr f\u00fcr die Richtigkeit, [&hellip;]\" \/>\n<meta property=\"og:url\" content=\"https:\/\/farbeyondmusic.ch\/?page_id=287\" \/>\n<meta property=\"og:site_name\" content=\"Far Beyond Music\" \/>\n<meta property=\"article:modified_time\" content=\"2026-04-14T13:27:50+00:00\" \/>\n<meta name=\"twitter:card\" content=\"summary_large_image\" \/>\n<meta name=\"twitter:label1\" content=\"Est. reading time\" \/>\n\t<meta name=\"twitter:data1\" content=\"1 minute\" \/>\n<script type=\"application\/ld+json\" class=\"yoast-schema-graph\">{\"@context\":\"https:\\\/\\\/schema.org\",\"@graph\":[{\"@type\":\"WebPage\",\"@id\":\"https:\\\/\\\/farbeyondmusic.ch\\\/?page_id=287\",\"url\":\"https:\\\/\\\/farbeyondmusic.ch\\\/?page_id=287\",\"name\":\"Impressum - Far Beyond Music\",\"isPartOf\":{\"@id\":\"https:\\\/\\\/farbeyondmusic.ch\\\/#website\"},\"datePublished\":\"2026-04-13T07:22:03+00:00\",\"dateModified\":\"2026-04-14T13:27:50+00:00\",\"breadcrumb\":{\"@id\":\"https:\\\/\\\/farbeyondmusic.ch\\\/?page_id=287#breadcrumb\"},\"inLanguage\":\"en-US\",\"potentialAction\":[{\"@type\":\"ReadAction\",\"target\":[\"https:\\\/\\\/farbeyondmusic.ch\\\/?page_id=287\"]}]},{\"@type\":\"BreadcrumbList\",\"@id\":\"https:\\\/\\\/farbeyondmusic.ch\\\/?page_id=287#breadcrumb\",\"itemListElement\":[{\"@type\":\"ListItem\",\"position\":1,\"name\":\"Home\",\"item\":\"https:\\\/\\\/farbeyondmusic.ch\\\/\"},{\"@type\":\"ListItem\",\"position\":2,\"name\":\"Impressum\"}]},{\"@type\":\"WebSite\",\"@id\":\"https:\\\/\\\/farbeyondmusic.ch\\\/#website\",\"url\":\"https:\\\/\\\/farbeyondmusic.ch\\\/\",\"name\":\"Far Beyond Music - Fabian Ebener\",\"description\":\"Game Audio, Composer &amp; Musician\",\"potentialAction\":[{\"@type\":\"SearchAction\",\"target\":{\"@type\":\"EntryPoint\",\"urlTemplate\":\"https:\\\/\\\/farbeyondmusic.ch\\\/?s={search_term_string}\"},\"query-input\":{\"@type\":\"PropertyValueSpecification\",\"valueRequired\":true,\"valueName\":\"search_term_string\"}}],\"inLanguage\":\"en-US\"}]}<\/script>\n<!-- \/ Yoast SEO plugin. -->","yoast_head_json":{"title":"Impressum - Far Beyond Music","robots":{"index":"index","follow":"follow","max-snippet":"max-snippet:-1","max-image-preview":"max-image-preview:large","max-video-preview":"max-video-preview:-1"},"canonical":"https:\/\/farbeyondmusic.ch\/?page_id=287","og_locale":"en_US","og_type":"article","og_title":"Impressum - Far Beyond Music","og_description":"Impressum Angaben gem\u00e4ss Art. 12 UWG. Verantwortlich f\u00fcr diese Website ist Fabian Ebener, Far Beyond Music, Saint-Louis-Strasse 18, 4056 Basel, Schweiz. Die Einzelfirma ist im Handelsregister des Kantons Basel-Stadt eingetragen (UID: CHE-XXX.XXX.XXX). Erreichbar per Telefon unter +41 79 843 71 41 oder per E-Mail an fabian@farbeyondmusic.ch. Haftungsausschluss Der Autor \u00fcbernimmt keine Gew\u00e4hr f\u00fcr die Richtigkeit, [&hellip;]","og_url":"https:\/\/farbeyondmusic.ch\/?page_id=287","og_site_name":"Far Beyond Music","article_modified_time":"2026-04-14T13:27:50+00:00","twitter_card":"summary_large_image","twitter_misc":{"Est. reading time":"1 minute"},"schema":{"@context":"https:\/\/schema.org","@graph":[{"@type":"WebPage","@id":"https:\/\/farbeyondmusic.ch\/?page_id=287","url":"https:\/\/farbeyondmusic.ch\/?page_id=287","name":"Impressum - Far Beyond Music","isPartOf":{"@id":"https:\/\/farbeyondmusic.ch\/#website"},"datePublished":"2026-04-13T07:22:03+00:00","dateModified":"2026-04-14T13:27:50+00:00","breadcrumb":{"@id":"https:\/\/farbeyondmusic.ch\/?page_id=287#breadcrumb"},"inLanguage":"en-US","potentialAction":[{"@type":"ReadAction","target":["https:\/\/farbeyondmusic.ch\/?page_id=287"]}]},{"@type":"BreadcrumbList","@id":"https:\/\/farbeyondmusic.ch\/?page_id=287#breadcrumb","itemListElement":[{"@type":"ListItem","position":1,"name":"Home","item":"https:\/\/farbeyondmusic.ch\/"},{"@type":"ListItem","position":2,"name":"Impressum"}]},{"@type":"WebSite","@id":"https:\/\/farbeyondmusic.ch\/#website","url":"https:\/\/farbeyondmusic.ch\/","name":"Far Beyond Music - Fabian Ebener","description":"Game Audio, Composer &amp; Musician","potentialAction":[{"@type":"SearchAction","target":{"@type":"EntryPoint","urlTemplate":"https:\/\/farbeyondmusic.ch\/?s={search_term_string}"},"query-input":{"@type":"PropertyValueSpecification","valueRequired":true,"valueName":"search_term_string"}}],"inLanguage":"en-US"}]}},"jetpack_sharing_enabled":true,"_links":{"self":[{"href":"https:\/\/farbeyondmusic.ch\/index.php?rest_route=\/wp\/v2\/pages\/287","targetHints":{"allow":["GET"]}}],"collection":[{"href":"https:\/\/farbeyondmusic.ch\/index.php?rest_route=\/wp\/v2\/pages"}],"about":[{"href":"https:\/\/farbeyondmusic.ch\/index.php?rest_route=\/wp\/v2\/types\/page"}],"author":[{"embeddable":true,"href":"https:\/\/farbeyondmusic.ch\/index.php?rest_route=\/wp\/v2\/users\/1"}],"replies":[{"embeddable":true,"href":"https:\/\/farbeyondmusic.ch\/index.php?rest_route=%2Fwp%2Fv2%2Fcomments&post=287"}],"version-history":[{"count":2,"href":"https:\/\/farbeyondmusic.ch\/index.php?rest_route=\/wp\/v2\/pages\/287\/revisions"}],"predecessor-version":[{"id":351,"href":"https:\/\/farbeyondmusic.ch\/index.php?rest_route=\/wp\/v2\/pages\/287\/revisions\/351"}],"wp:attachment":[{"href":"https:\/\/farbeyondmusic.ch\/index.php?rest_route=%2Fwp%2Fv2%2Fmedia&parent=287"}],"curies":[{"name":"wp","href":"https:\/\/api.w.org\/{rel}","templated":true}]}}